{"id":1254,"date":"2021-04-16T09:33:05","date_gmt":"2021-04-16T09:33:05","guid":{"rendered":"http:\/\/serviciotecnicofichet.com\/index.php\/home\/"},"modified":"2022-08-23T17:19:05","modified_gmt":"2022-08-23T17:19:05","slug":"home","status":"publish","type":"page","link":"https:\/\/serviciotecnicofichet.com\/","title":{"rendered":"Fichet"},"content":{"rendered":"\n<figure class=\"wp-block-image aligncenter size-full is-resized\"><img loading=\"lazy\" src=\"http:\/\/serviciotecnicofichet.com\/wp-content\/uploads\/2022\/06\/cropped-FICHET-LOGO-2.jpg\" alt=\"\" class=\"wp-image-1413\" width=\"546\" height=\"116\" srcset=\"https:\/\/serviciotecnicofichet.com\/wp-content\/uploads\/2022\/06\/cropped-FICHET-LOGO-2.jpg 240w, https:\/\/serviciotecnicofichet.com\/wp-content\/uploads\/2022\/06\/cropped-FICHET-LOGO-2-178x38.jpg 178w\" sizes=\"(max-width: 546px) 100vw, 546px\" \/><\/figure>\n\n\n\n<p><\/p>\n\n\n\n<div class=\"wp-block-media-text alignfull is-stacked-on-mobile is-vertically-aligned-center has-ast-global-color-5-background-color has-background\" style=\"grid-template-columns:51% auto\"><figure class=\"wp-block-media-text__media\"><img loading=\"lazy\" width=\"750\" height=\"1000\" src=\"http:\/\/serviciotecnicofichet.com\/wp-content\/uploads\/2022\/06\/fichet-calafell.jpg\" alt=\"\" class=\"wp-image-1420 size-full\" srcset=\"https:\/\/serviciotecnicofichet.com\/wp-content\/uploads\/2022\/06\/fichet-calafell.jpg 750w, https:\/\/serviciotecnicofichet.com\/wp-content\/uploads\/2022\/06\/fichet-calafell-225x300.jpg 225w\" sizes=\"(max-width: 750px) 100vw, 750px\" \/><\/figure><div class=\"wp-block-media-text__content\">\n<div class=\"inherit-container-width wp-container-6 wp-block-group\"><div class=\"wp-block-group__inner-container\">\n<p>Cerrajer\u00eda de alta seguridad<\/p>\n\n\n\n<h1>Servicio T\u00e9cnico Fichet Calafell.<\/h1>\n\n\n\n<p>En nuestro servicio t\u00e9cnico encontrara de todo, desde abrir una puerta que se a quedado atascada o una llave por dentro o bien un cambio de cerradura o cilindro por alg\u00fan otro motivo. Tambi\u00e9n convertimos su cerradura actual en una FICHET. <\/p>\n\n\n\n<div class=\"wp-container-1 wp-block-buttons\">\n<div class=\"wp-block-button is-style-outline\"><a class=\"wp-block-button__link\" href=\"tel:877979165\">877979165<\/a><\/div>\n<\/div>\n\n\n\n<div style=\"height:30px\" aria-hidden=\"true\" class=\"wp-block-spacer\"><\/div>\n\n\n\n<h6>Redes Sociales<\/h6>\n\n\n\n<div class=\"wp-container-5 wp-block-columns\">\n<div class=\"wp-container-2 wp-block-column\" style=\"flex-basis:25%\">\n<div class=\"wp-block-uagb-info-box uagb-infobox__outer-wrap uagb-block-76079b88\"><div class=\"uagb-infobox__content-wrap uagb-infobox uagb-infobox-has-icon uagb-infobox-icon-above-title uagb-infobox-image-valign-top uagb-infobox-enable-border-radius \"><div class=\"uagb-ifb-left-right-wrap\"><div class=\"uagb-ifb-content\"><div class=\"uagb-ifb-image-icon-content uagb-ifb-imgicon-wrap\"><div class=\"uagb-ifb-icon-wrap\"><span class=\"uagb-ifb-icon\"><svg xmlns=\"http:\/\/www.w3.org\/2000\/svg\" viewBox=\"0 0 448 512\"><path d=\"M267.429 488.563C262.286 507.573 242.858 512 224 512c-18.857 0-38.286-4.427-43.428-23.437C172.927 460.134 160 388.898 160 355.75c0-35.156 31.142-43.75 64-43.75s64 8.594 64 43.75c0 32.949-12.871 104.179-20.571 132.813zM156.867 288.554c-18.693-18.308-29.958-44.173-28.784-72.599 2.054-49.724 42.395-89.956 92.124-91.881C274.862 121.958 320 165.807 320 220c0 26.827-11.064 51.116-28.866 68.552-2.675 2.62-2.401 6.986.628 9.187 9.312 6.765 16.46 15.343 21.234 25.363 1.741 3.654 6.497 4.66 9.449 1.891 28.826-27.043 46.553-65.783 45.511-108.565-1.855-76.206-63.595-138.208-139.793-140.369C146.869 73.753 80 139.215 80 220c0 41.361 17.532 78.7 45.55 104.989 2.953 2.771 7.711 1.77 9.453-1.887 4.774-10.021 11.923-18.598 21.235-25.363 3.029-2.2 3.304-6.566.629-9.185zM224 0C100.204 0 0 100.185 0 224c0 89.992 52.602 165.647 125.739 201.408 4.333 2.118 9.267-1.544 8.535-6.31-2.382-15.512-4.342-30.946-5.406-44.339-.146-1.836-1.149-3.486-2.678-4.512-47.4-31.806-78.564-86.016-78.187-147.347.592-96.237 79.29-174.648 175.529-174.899C320.793 47.747 400 126.797 400 224c0 61.932-32.158 116.49-80.65 147.867-.999 14.037-3.069 30.588-5.624 47.23-.732 4.767 4.203 8.429 8.535 6.31C395.227 389.727 448 314.187 448 224 448 100.205 347.815 0 224 0zm0 160c-35.346 0-64 28.654-64 64s28.654 64 64 64 64-28.654 64-64-28.654-64-64-64z\"><\/path><\/svg><\/span><\/div><\/div><div class=\"uagb-ifb-title-wrap\"><h6 class=\"uagb-ifb-title\">Apple Podcasts <\/h6><\/div><div class=\"uagb-ifb-text-wrap\"><\/div><\/div><\/div><\/div><\/div>\n<\/div>\n\n\n\n<div class=\"wp-container-3 wp-block-column\" style=\"flex-basis:25%\">\n<div class=\"wp-block-uagb-info-box uagb-infobox__outer-wrap uagb-block-f20bce89\"><div class=\"uagb-infobox__content-wrap uagb-infobox uagb-infobox-has-icon uagb-infobox-icon-above-title uagb-infobox-image-valign-top uagb-infobox-enable-border-radius \"><div class=\"uagb-ifb-left-right-wrap\"><div class=\"uagb-ifb-content\"><div class=\"uagb-ifb-image-icon-content uagb-ifb-imgicon-wrap\"><div class=\"uagb-ifb-icon-wrap\"><span class=\"uagb-ifb-icon\"><svg xmlns=\"http:\/\/www.w3.org\/2000\/svg\" viewBox=\"0 0 488 512\"><path d=\"M488 261.8C488 403.3 391.1 504 248 504 110.8 504 0 393.2 0 256S110.8 8 248 8c66.8 0 123 24.5 166.3 64.9l-67.5 64.9C258.5 52.6 94.3 116.6 94.3 256c0 86.5 69.1 156.6 153.7 156.6 98.2 0 135-70.4 140.8-106.9H248v-85.3h236.1c2.3 12.7 3.9 24.9 3.9 41.4z\"><\/path><\/svg><\/span><\/div><\/div><div class=\"uagb-ifb-title-wrap\"><h6 class=\"uagb-ifb-title\">Google Podcasts <\/h6><\/div><div class=\"uagb-ifb-text-wrap\"><\/div><\/div><\/div><\/div><\/div>\n<\/div>\n\n\n\n<div class=\"wp-container-4 wp-block-column\" style=\"flex-basis:50%\">\n<div class=\"wp-block-uagb-info-box uagb-infobox__outer-wrap uagb-block-9a4f9525\"><div class=\"uagb-infobox__content-wrap uagb-infobox uagb-infobox-has-icon uagb-infobox-icon-above-title uagb-infobox-image-valign-top uagb-infobox-enable-border-radius \"><div class=\"uagb-ifb-left-right-wrap\"><div class=\"uagb-ifb-content\"><div class=\"uagb-ifb-image-icon-content uagb-ifb-imgicon-wrap\"><div class=\"uagb-ifb-icon-wrap\"><span class=\"uagb-ifb-icon\"><svg xmlns=\"http:\/\/www.w3.org\/2000\/svg\" viewBox=\"0 0 496 512\"><path d=\"M248 8C111.1 8 0 119.1 0 256s111.1 248 248 248 248-111.1 248-248S384.9 8 248 8zm100.7 364.9c-4.2 0-6.8-1.3-10.7-3.6-62.4-37.6-135-39.2-206.7-24.5-3.9 1-9 2.6-11.9 2.6-9.7 0-15.8-7.7-15.8-15.8 0-10.3 6.1-15.2 13.6-16.8 81.9-18.1 165.6-16.5 237 26.2 6.1 3.9 9.7 7.4 9.7 16.5s-7.1 15.4-15.2 15.4zm26.9-65.6c-5.2 0-8.7-2.3-12.3-4.2-62.5-37-155.7-51.9-238.6-29.4-4.8 1.3-7.4 2.6-11.9 2.6-10.7 0-19.4-8.7-19.4-19.4s5.2-17.8 15.5-20.7c27.8-7.8 56.2-13.6 97.8-13.6 64.9 0 127.6 16.1 177 45.5 8.1 4.8 11.3 11 11.3 19.7-.1 10.8-8.5 19.5-19.4 19.5zm31-76.2c-5.2 0-8.4-1.3-12.9-3.9-71.2-42.5-198.5-52.7-280.9-29.7-3.6 1-8.1 2.6-12.9 2.6-13.2 0-23.3-10.3-23.3-23.6 0-13.6 8.4-21.3 17.4-23.9 35.2-10.3 74.6-15.2 117.5-15.2 73 0 149.5 15.2 205.4 47.8 7.8 4.5 12.9 10.7 12.9 22.6 0 13.6-11 23.3-23.2 23.3z\"><\/path><\/svg><\/span><\/div><\/div><div class=\"uagb-ifb-title-wrap\"><h6 class=\"uagb-ifb-title\">Google Podcasts <\/h6><\/div><div class=\"uagb-ifb-text-wrap\"><\/div><\/div><\/div><\/div><\/div>\n<\/div>\n<\/div>\n<\/div><\/div>\n<\/div><\/div>\n\n\n\n<div class=\"inherit-container-width wp-container-11 wp-block-group alignfull has-ast-global-color-5-background-color has-background\"><div class=\"wp-block-group__inner-container\">\n<div class=\"wp-container-10 wp-block-columns\">\n<div class=\"wp-container-7 wp-block-column is-vertically-aligned-center\">\n<h2>Sistemas Anti Ladrones<\/h2>\n<\/div>\n\n\n\n<div class=\"wp-container-9 wp-block-column\">\n<hr class=\"wp-block-separator has-text-color has-ast-global-color-0-color has-css-opacity has-ast-global-color-0-background-color has-background\"\/>\n\n\n\n<p>Nuestros sistemas son de la m\u00e1s alta calidad y los materiales m\u00e1s exigentes del mercado. Hacemos estudios personalizados de todos los casos para dar una mejor visi\u00f3n y una buena soluci\u00f3n y as\u00ed los amigo de lo ageno y los okupas tendr\u00e1n que buscar otro sitio o &#8220;ir atrabajar&#8221;<\/p>\n\n\n\n<div class=\"wp-container-8 wp-block-buttons\">\n<div class=\"wp-block-button\"><a class=\"wp-block-button__link\" href=\"tel:877979165\">877979165<\/a><\/div>\n<\/div>\n<\/div>\n<\/div>\n<\/div><\/div>\n\n\n\n<div class=\"inherit-container-width wp-container-13 wp-block-group alignfull has-ast-global-color-5-background-color has-background\"><div class=\"wp-block-group__inner-container\">\n<div class=\"wp-block-media-text alignwide is-stacked-on-mobile is-vertically-aligned-center\"><figure class=\"wp-block-media-text__media\"><img loading=\"lazy\" width=\"657\" height=\"551\" src=\"http:\/\/serviciotecnicofichet.com\/wp-content\/uploads\/2022\/06\/fichet-calafell-4.jpg\" alt=\"\" class=\"wp-image-1428 size-full\" srcset=\"https:\/\/serviciotecnicofichet.com\/wp-content\/uploads\/2022\/06\/fichet-calafell-4.jpg 657w, https:\/\/serviciotecnicofichet.com\/wp-content\/uploads\/2022\/06\/fichet-calafell-4-300x252.jpg 300w\" sizes=\"(max-width: 657px) 100vw, 657px\" \/><\/figure><div class=\"wp-block-media-text__content\">\n<div class=\"inherit-container-width wp-container-12 wp-block-group\"><div class=\"wp-block-group__inner-container\">\n<h6 class=\"has-ast-global-color-0-color has-text-color\">Servicio T\u00e9cnico Fichet<\/h6>\n\n\n\n<h2>Distintos tipos de llave para Fichet<\/h2>\n\n\n\n<p>Tambien disponemos de otras opciones que se adaptan muy bien a FICHET y que en muchos casos bienen de la misma firma due\u00f1a de varias marcas llamada ASSA ABLOY.<\/p>\n<\/div><\/div>\n<\/div><\/div>\n<\/div><\/div>\n\n\n\n<div class=\"inherit-container-width wp-container-22 wp-block-group alignfull has-ast-global-color-5-background-color has-background\"><div class=\"wp-block-group__inner-container\">\n<div class=\"wp-container-17 wp-block-columns alignwide\">\n<div class=\"wp-container-14 wp-block-column\">\n<h2>Mecanismos<\/h2>\n<\/div>\n\n\n\n<div class=\"wp-container-16 wp-block-column\">\n<div class=\"wp-container-15 is-horizontal is-content-justification-right wp-block-buttons\">\n<div class=\"wp-block-button\"><a class=\"wp-block-button__link\" href=\"tel:877979165\">877979165<\/a><\/div>\n<\/div>\n<\/div>\n<\/div>\n\n\n\n<div class=\"wp-container-21 wp-block-columns alignwide\">\n<div class=\"wp-container-18 wp-block-column\">\n<figure class=\"wp-block-image size-full\"><img loading=\"lazy\" width=\"1000\" height=\"550\" src=\"http:\/\/serviciotecnicofichet.com\/wp-content\/uploads\/2022\/06\/fichet-calafell-2.jpg\" alt=\"\" class=\"wp-image-1429\" srcset=\"https:\/\/serviciotecnicofichet.com\/wp-content\/uploads\/2022\/06\/fichet-calafell-2.jpg 1000w, https:\/\/serviciotecnicofichet.com\/wp-content\/uploads\/2022\/06\/fichet-calafell-2-300x165.jpg 300w, https:\/\/serviciotecnicofichet.com\/wp-content\/uploads\/2022\/06\/fichet-calafell-2-768x422.jpg 768w\" sizes=\"(max-width: 1000px) 100vw, 1000px\" \/><\/figure>\n\n\n\n<h5>Cilindro con Llave LASER<\/h5>\n<\/div>\n\n\n\n<div class=\"wp-container-19 wp-block-column\">\n<figure class=\"wp-block-image size-full\"><img loading=\"lazy\" width=\"950\" height=\"713\" src=\"http:\/\/serviciotecnicofichet.com\/wp-content\/uploads\/2022\/06\/fichet-calafell-3.jpg\" alt=\"\" class=\"wp-image-1430\" srcset=\"https:\/\/serviciotecnicofichet.com\/wp-content\/uploads\/2022\/06\/fichet-calafell-3.jpg 950w, https:\/\/serviciotecnicofichet.com\/wp-content\/uploads\/2022\/06\/fichet-calafell-3-300x225.jpg 300w, https:\/\/serviciotecnicofichet.com\/wp-content\/uploads\/2022\/06\/fichet-calafell-3-768x576.jpg 768w\" sizes=\"(max-width: 950px) 100vw, 950px\" \/><\/figure>\n\n\n\n<h5>Puerta sistema FICHET con cilindro F3D<\/h5>\n<\/div>\n\n\n\n<div class=\"wp-container-20 wp-block-column\">\n<figure class=\"wp-block-image size-full\"><img loading=\"lazy\" width=\"700\" height=\"754\" src=\"http:\/\/serviciotecnicofichet.com\/wp-content\/uploads\/2022\/06\/caja-fuerte-fichet.jpg\" alt=\"\" class=\"wp-image-1431\" srcset=\"https:\/\/serviciotecnicofichet.com\/wp-content\/uploads\/2022\/06\/caja-fuerte-fichet.jpg 700w, https:\/\/serviciotecnicofichet.com\/wp-content\/uploads\/2022\/06\/caja-fuerte-fichet-279x300.jpg 279w\" sizes=\"(max-width: 700px) 100vw, 700px\" \/><\/figure>\n\n\n\n<h5>Caja fuerte FICHET<\/h5>\n<\/div>\n<\/div>\n<\/div><\/div>\n\n\n\n<div class=\"inherit-container-width wp-container-27 wp-block-group alignfull has-ast-global-color-2-background-color has-background\"><div class=\"wp-block-group__inner-container\">\n<div class=\"wp-container-24 wp-block-columns alignwide\">\n<div class=\"wp-container-23 wp-block-column\"><\/div>\n<\/div>\n\n\n\n<div class=\"wp-container-26 wp-block-columns alignwide\">\n<div class=\"wp-container-25 wp-block-column\"><\/div>\n<\/div>\n<\/div><\/div>\n\n\n\n<div class=\"inherit-container-width wp-container-28 wp-block-group alignfull has-ast-global-color-5-background-color has-background\"><div class=\"wp-block-group__inner-container\">\n<h2>Sistemas<\/h2>\n\n\n\n<div class=\"wp-block-media-text alignwide is-stacked-on-mobile is-vertically-aligned-center\" style=\"grid-template-columns:32% auto\"><figure class=\"wp-block-media-text__media\"><img loading=\"lazy\" width=\"716\" height=\"900\" src=\"http:\/\/serviciotecnicofichet.com\/wp-content\/uploads\/2022\/06\/cerradura-fichet.jpg\" alt=\"\" class=\"wp-image-1435 size-full\" srcset=\"https:\/\/serviciotecnicofichet.com\/wp-content\/uploads\/2022\/06\/cerradura-fichet.jpg 716w, https:\/\/serviciotecnicofichet.com\/wp-content\/uploads\/2022\/06\/cerradura-fichet-239x300.jpg 239w\" sizes=\"(max-width: 716px) 100vw, 716px\" \/><\/figure><div class=\"wp-block-media-text__content\">\n<h3><strong>Cerradura FICHET de alta seguridad<\/strong><\/h3>\n\n\n\n<hr class=\"wp-block-separator has-text-color has-ast-global-color-0-color has-css-opacity has-ast-global-color-0-background-color has-background is-style-default\"\/>\n<\/div><\/div>\n\n\n\n<div class=\"wp-block-media-text alignwide is-stacked-on-mobile is-vertically-aligned-center\" style=\"grid-template-columns:32% auto\"><figure class=\"wp-block-media-text__media\"><img loading=\"lazy\" width=\"1024\" height=\"768\" src=\"http:\/\/serviciotecnicofichet.com\/wp-content\/uploads\/2022\/06\/fichet-calafell-5-1024x768.jpg\" alt=\"\" class=\"wp-image-1436 size-full\" srcset=\"https:\/\/serviciotecnicofichet.com\/wp-content\/uploads\/2022\/06\/fichet-calafell-5-1024x768.jpg 1024w, https:\/\/serviciotecnicofichet.com\/wp-content\/uploads\/2022\/06\/fichet-calafell-5-300x225.jpg 300w, https:\/\/serviciotecnicofichet.com\/wp-content\/uploads\/2022\/06\/fichet-calafell-5-768x576.jpg 768w, https:\/\/serviciotecnicofichet.com\/wp-content\/uploads\/2022\/06\/fichet-calafell-5-1536x1152.jpg 1536w, https:\/\/serviciotecnicofichet.com\/wp-content\/uploads\/2022\/06\/fichet-calafell-5-2048x1536.jpg 2048w\" sizes=\"(max-width: 1024px) 100vw, 1024px\" \/><\/figure><div class=\"wp-block-media-text__content\">\n<h3><strong>Cilindro CYC para FICHET<\/strong><\/h3>\n\n\n\n<hr class=\"wp-block-separator has-text-color has-ast-global-color-0-color has-css-opacity has-ast-global-color-0-background-color has-background is-style-default\"\/>\n<\/div><\/div>\n<\/div><\/div>\n","protected":false},"excerpt":{"rendered":"<p>Sistemas Anti Ladrones Nuestros sistemas son de la m\u00e1s alta calidad y los materiales m\u00e1s exigentes del mercado. Hacemos estudios personalizados de todos los casos para dar una mejor visi\u00f3n y una buena soluci\u00f3n y as\u00ed los amigo de lo ageno y los okupas tendr\u00e1n que buscar otro sitio o &#8220;ir atrabajar&#8221; Servicio T\u00e9cnico Fichet &hellip;<\/p>\n<p class=\"read-more\"> <a class=\"\" href=\"https:\/\/serviciotecnicofichet.com\/\"> <span class=\"screen-reader-text\">Fichet<\/span> Read More &raquo;<\/a><\/p>\n","protected":false},"author":1,"featured_media":0,"parent":0,"menu_order":0,"comment_status":"closed","ping_status":"closed","template":"","meta":{"om_disable_all_campaigns":false,"_monsterinsights_skip_tracking":false,"_monsterinsights_sitenote_active":false,"_monsterinsights_sitenote_note":"","_monsterinsights_sitenote_category":0,"site-sidebar-layout":"no-sidebar","site-content-layout":"plain-container","ast-global-header-display":"","ast-main-header-display":"","ast-hfb-above-header-display":"","ast-hfb-below-header-display":"","ast-hfb-mobile-header-display":"","site-post-title":"disabled","ast-breadcrumbs-content":"disabled","ast-featured-img":"disabled","footer-sml-layout":"","theme-transparent-header-meta":"disabled","adv-header-id-meta":"","stick-header-meta":"","header-above-stick-meta":"","header-main-stick-meta":"","header-below-stick-meta":""},"uagb_featured_image_src":{"full":false,"thumbnail":false,"medium":false,"medium_large":false,"large":false,"1536x1536":false,"2048x2048":false},"uagb_author_info":{"display_name":"natigime90","author_link":"https:\/\/serviciotecnicofichet.com\/index.php\/author\/natigime90\/"},"uagb_comment_info":0,"uagb_excerpt":"Sistemas Anti Ladrones Nuestros sistemas son de la m\u00e1s alta calidad y los materiales m\u00e1s exigentes del mercado. Hacemos estudios personalizados de todos los casos para dar una mejor visi\u00f3n y una buena soluci\u00f3n y as\u00ed los amigo de lo ageno y los okupas tendr\u00e1n que buscar otro sitio o &#8220;ir atrabajar&#8221; Servicio T\u00e9cnico Fichet&hellip;","_links":{"self":[{"href":"https:\/\/serviciotecnicofichet.com\/index.php\/wp-json\/wp\/v2\/pages\/1254"}],"collection":[{"href":"https:\/\/serviciotecnicofichet.com\/index.php\/wp-json\/wp\/v2\/pages"}],"about":[{"href":"https:\/\/serviciotecnicofichet.com\/index.php\/wp-json\/wp\/v2\/types\/page"}],"author":[{"embeddable":true,"href":"https:\/\/serviciotecnicofichet.com\/index.php\/wp-json\/wp\/v2\/users\/1"}],"replies":[{"embeddable":true,"href":"https:\/\/serviciotecnicofichet.com\/index.php\/wp-json\/wp\/v2\/comments?post=1254"}],"version-history":[{"count":13,"href":"https:\/\/serviciotecnicofichet.com\/index.php\/wp-json\/wp\/v2\/pages\/1254\/revisions"}],"predecessor-version":[{"id":1468,"href":"https:\/\/serviciotecnicofichet.com\/index.php\/wp-json\/wp\/v2\/pages\/1254\/revisions\/1468"}],"wp:attachment":[{"href":"https:\/\/serviciotecnicofichet.com\/index.php\/wp-json\/wp\/v2\/media?parent=1254"}],"curies":[{"name":"wp","href":"https:\/\/api.w.org\/{rel}","templated":true}]}}